{"id":114,"date":"2010-03-08T18:29:56","date_gmt":"2010-03-08T17:29:56","guid":{"rendered":"http:\/\/www.aj.de\/?page_id=114"},"modified":"2024-03-24T20:55:49","modified_gmt":"2024-03-24T19:55:49","slug":"uber-aj","status":"publish","type":"page","link":"https:\/\/www.aj.de\/?page_id=114","title":{"rendered":"Andreas Jutzy: CV"},"content":{"rendered":"<p><a href=\"https:\/\/www.aj.de\/wp-content\/uploads\/2010\/03\/rj45kabel.jpg\"><img loading=\"lazy\" decoding=\"async\" class=\"alignright size-thumbnail wp-image-115\" title=\"rj45kabel\" src=\"https:\/\/www.aj.de\/wp-content\/uploads\/2010\/03\/rj45kabel-150x150.jpg\" alt=\"\" width=\"150\" height=\"150\" \/><\/a>Curriculum Vitae und relevante Informationen<\/p>\n<p><strong>2000-2005<\/strong> &#8211; Studium der Angewandten Informatik an der &#8222;University of Applied Sciences&#8220; in Zweibr\u00fccken<br \/>\nTeilnahme an Seminaren zu Softwarentwicklung sowie Datensicherheit in der Informationstechnik<\/p>\n<p><strong>seit Ende 2005<\/strong> &#8211; Nebenberufliche T\u00e4tigkeiten als Linux Berater in der Region<\/p>\n<p><strong>2006-2008<\/strong> &#8211; Mitarbeiter des Polizeipr\u00e4sidiums Westpfalz in Kaiserslautern<br \/>\nAuswertungen von sichergestellter Hardware, Datenanalyse, Gutachtert\u00e4tigkeit vor Gericht<\/p>\n<p><strong>2008-2011<\/strong> &#8211; T\u00e4tigkeiten in Luxembourg f\u00fcr ein gro\u00dfes Telekommunikationsunternehmen<\/p>\n<p><strong>2012-2017 <\/strong>&#8211; Wechsel zur deutschen Tochtergesellschaft in Saarbr\u00fccken, \u00dcbernahme der Teamleitung<\/p>\n<p><strong>2018-2020<\/strong> &#8211; Senior System Engineer f\u00fcr ein Systemhaus mit Standorten in Hamburg und K\u00f6ln<\/p>\n<p><strong>seit Mitte 2020<\/strong> &#8211; Hauptberuflich freiberufliche T\u00e4tigkeit als Senior System Engineer mit Fokus auf die DACH Region<\/p>\n<p><strong>Zertifizierungen:<\/strong><\/p>\n<p><img loading=\"lazy\" decoding=\"async\" class=\"wp-image-649 alignnone\" src=\"https:\/\/www.aj.de\/wp-content\/uploads\/2015\/02\/lpic1-logo-small.png\" alt=\"lpic1-logo-small\" width=\"100\" height=\"96\" \/> \u00a0 LPIC-1 Linux Server Professional Certification<\/p>\n<p><img loading=\"lazy\" decoding=\"async\" class=\"wp-image-668 alignnone\" src=\"https:\/\/www.aj.de\/wp-content\/uploads\/2010\/03\/lpic2-logo-small.png\" alt=\"lpic2-logo-small\" width=\"100\" height=\"96\" \/> \u00a0 LPIC-2 Linux Network Professional Certification<\/p>\n<p><img loading=\"lazy\" decoding=\"async\" class=\"wp-image-662 alignnone\" src=\"https:\/\/www.aj.de\/wp-content\/uploads\/2010\/03\/novellCLA.jpg\" alt=\"novellCLA\" width=\"141\" height=\"167\" srcset=\"https:\/\/www.aj.de\/wp-content\/uploads\/2010\/03\/novellCLA.jpg 439w, https:\/\/www.aj.de\/wp-content\/uploads\/2010\/03\/novellCLA-253x300.jpg 253w\" sizes=\"auto, (max-width: 141px) 100vw, 141px\" \/> \u00a0 Novell Certified Linux Administrator (CLA)<\/p>\n<p>&nbsp;<\/p>\n","protected":false},"excerpt":{"rendered":"<p>Curriculum Vitae und relevante Informationen 2000-2005 &#8211; Studium der Angewandten Informatik an der &#8222;University of Applied Sciences&#8220; in Zweibr\u00fccken Teilnahme an Seminaren zu Softwarentwicklung sowie Datensicherheit in der Informationstechnik seit Ende 2005 &#8211; Nebenberufliche T\u00e4tigkeiten als Linux Berater in der Region 2006-2008 &#8211; Mitarbeiter des Polizeipr\u00e4sidiums Westpfalz in Kaiserslautern Auswertungen von sichergestellter Hardware, Datenanalyse, Gutachtert\u00e4tigkeit [&hellip;]<\/p>\n","protected":false},"author":1,"featured_media":0,"parent":0,"menu_order":99,"comment_status":"closed","ping_status":"open","template":"template-fullwidth.php","meta":{"footnotes":""},"class_list":["post-114","page","type-page","status-publish","hentry"],"_links":{"self":[{"href":"https:\/\/www.aj.de\/index.php?rest_route=\/wp\/v2\/pages\/114","targetHints":{"allow":["GET"]}}],"collection":[{"href":"https:\/\/www.aj.de\/index.php?rest_route=\/wp\/v2\/pages"}],"about":[{"href":"https:\/\/www.aj.de\/index.php?rest_route=\/wp\/v2\/types\/page"}],"author":[{"embeddable":true,"href":"https:\/\/www.aj.de\/index.php?rest_route=\/wp\/v2\/users\/1"}],"replies":[{"embeddable":true,"href":"https:\/\/www.aj.de\/index.php?rest_route=%2Fwp%2Fv2%2Fcomments&post=114"}],"version-history":[{"count":49,"href":"https:\/\/www.aj.de\/index.php?rest_route=\/wp\/v2\/pages\/114\/revisions"}],"predecessor-version":[{"id":869,"href":"https:\/\/www.aj.de\/index.php?rest_route=\/wp\/v2\/pages\/114\/revisions\/869"}],"wp:attachment":[{"href":"https:\/\/www.aj.de\/index.php?rest_route=%2Fwp%2Fv2%2Fmedia&parent=114"}],"curies":[{"name":"wp","href":"https:\/\/api.w.org\/{rel}","templated":true}]}}